{"id":301,"date":"2021-02-12T18:28:15","date_gmt":"2021-02-12T18:28:15","guid":{"rendered":"https:\/\/erdibeton.hu\/?page_id=301"},"modified":"2021-02-26T09:42:03","modified_gmt":"2021-02-26T09:42:03","slug":"billencsezes-anyagmozgatas","status":"publish","type":"page","link":"https:\/\/erdibeton.hu\/?page_id=301","title":{"rendered":"Billencsez\u00e9s"},"content":{"rendered":"<p>[et_pb_section fb_built=&#8221;1&#8243; _builder_version=&#8221;4.8.1&#8243; _module_preset=&#8221;default&#8221;][et_pb_row _builder_version=&#8221;4.8.1&#8243; _module_preset=&#8221;default&#8221; background_image=&#8221;https:\/\/erdibeton.hu\/wp-content\/uploads\/2021\/02\/6_1.jpg&#8221; parallax=&#8221;on&#8221; width=&#8221;100%&#8221; max_width=&#8221;100%&#8221; custom_margin=&#8221;|auto||auto|false|false&#8221; custom_padding=&#8221;||274px||false|false&#8221;][et_pb_column type=&#8221;4_4&#8243; _builder_version=&#8221;4.8.1&#8243; _module_preset=&#8221;default&#8221;][\/et_pb_column][\/et_pb_row][et_pb_row _builder_version=&#8221;4.8.1&#8243; _module_preset=&#8221;default&#8221; use_background_color_gradient=&#8221;on&#8221; background_color_gradient_start=&#8221;#0a0a0a&#8221; background_color_gradient_end=&#8221;#333333&#8243; background_color_gradient_start_position=&#8221;39%&#8221; width=&#8221;100%&#8221; max_width=&#8221;100%&#8221; custom_margin=&#8221;-26px|auto||auto||&#8221;][et_pb_column type=&#8221;4_4&#8243; _builder_version=&#8221;4.8.1&#8243; _module_preset=&#8221;default&#8221;][et_pb_text _builder_version=&#8221;4.8.1&#8243; _module_preset=&#8221;default&#8221; text_font=&#8221;|||on|||||&#8221; text_text_color=&#8221;#FFFFFF&#8221; text_font_size=&#8221;35px&#8221;]<\/p>\n<p style=\"text-align: center;\">Billencsez\u00e9s<\/p>\n<p>[\/et_pb_text][\/et_pb_column][\/et_pb_row][et_pb_row _builder_version=&#8221;4.8.1&#8243; _module_preset=&#8221;default&#8221; width=&#8221;100%&#8221; max_width=&#8221;100%&#8221; border_radii=&#8221;on|1px|1px|1px|1px&#8221; border_width_all=&#8221;5px&#8221; border_style_all=&#8221;dashed&#8221;][et_pb_column type=&#8221;4_4&#8243; _builder_version=&#8221;4.8.1&#8243; _module_preset=&#8221;default&#8221;][et_pb_image src=&#8221;https:\/\/erdibeton.hu\/wp-content\/uploads\/2021\/02\/Eszkoz-1.png&#8221; title_text=&#8221;Eszk\u00f6z 1&#8243; align=&#8221;center&#8221; _builder_version=&#8221;4.8.1&#8243; _module_preset=&#8221;default&#8221;][\/et_pb_image][et_pb_text _builder_version=&#8221;4.8.1&#8243; _module_preset=&#8221;default&#8221; text_font_size=&#8221;25px&#8221; text_line_height=&#8221;1.8em&#8221; text_orientation=&#8221;justified&#8221; custom_margin=&#8221;|10%||10%|false|false&#8221; text_font_size_tablet=&#8221;&#8221; text_font_size_phone=&#8221;18px&#8221; text_font_size_last_edited=&#8221;on|phone&#8221;]<\/p>\n<p style=\"text-align: center;\"><span>A f\u00f6ldmunk\u00e1b\u00f3l keletkezett f\u00f6ldet elsz\u00e1ll\u00edtan\u00e1? \u00c9p\u00edtkez\u00e9sb\u0151l sz\u00e1rmaz\u00f3 sittet szeretne mozgatni? Ezt meg tudjuk oldani! Munk\u00e1j\u00e1hoz s\u00f3der, homok, sz\u00fcks\u00e9ges? Ez sem jelent probl\u00e9m\u00e1t sz\u00e1munkra! Keressen minket \u00e9s mondja el, mire van sz\u00fcks\u00e9ge! G\u00e9peinkkel gyorsan, nagy mennyis\u00e9g\u0171 anyagot el tudunk sz\u00e1ll\u00edtani az \u00e9p\u00edtkez\u00e9sr\u0151l, vagy ellenkez\u0151 esetben az \u00e9p\u00edtkez\u00e9sre! Nem tudja, honnan lehet beszerezni az \u00e9p\u00edtkez\u00e9shez, tereprendez\u00e9shez megfelel\u0151 anyagot? H\u00edvjon minket vagy \u00edrjon nek\u00fcnk \u00e9s biztosan tal\u00e1lunk megold\u00e1st!<\/span><\/p>\n<p>[\/et_pb_text][\/et_pb_column][\/et_pb_row][et_pb_row _builder_version=&#8221;4.8.1&#8243; _module_preset=&#8221;default&#8221; background_image=&#8221;https:\/\/erdibeton.hu\/wp-content\/uploads\/2021\/02\/5_1.jpg&#8221; parallax=&#8221;on&#8221; width=&#8221;100%&#8221; max_width=&#8221;100%&#8221; min_height=&#8221;383px&#8221; custom_margin=&#8221;|auto|-1px|auto|false|false&#8221; custom_padding=&#8221;||||false|false&#8221;][et_pb_column type=&#8221;4_4&#8243; _builder_version=&#8221;4.8.1&#8243; _module_preset=&#8221;default&#8221;][\/et_pb_column][\/et_pb_row][et_pb_row _builder_version=&#8221;4.8.1&#8243; _module_preset=&#8221;default&#8221; use_background_color_gradient=&#8221;on&#8221; background_color_gradient_start=&#8221;#0a0a0a&#8221; background_color_gradient_end=&#8221;#333333&#8243; background_color_gradient_start_position=&#8221;39%&#8221; width=&#8221;100%&#8221; max_width=&#8221;100%&#8221; custom_margin=&#8221;-26px|auto||auto||&#8221;][et_pb_column type=&#8221;4_4&#8243; _builder_version=&#8221;4.8.1&#8243; _module_preset=&#8221;default&#8221;][et_pb_text _builder_version=&#8221;4.8.1&#8243; _module_preset=&#8221;default&#8221; text_font=&#8221;|||on|||||&#8221; text_text_color=&#8221;#FFFFFF&#8221; text_font_size=&#8221;35px&#8221;]<\/p>\n<p style=\"text-align: center;\">EL\u00c9RHET\u0150S\u00c9G\u00dcNK<\/p>\n<p>[\/et_pb_text][\/et_pb_column][\/et_pb_row][et_pb_row column_structure=&#8221;1_4,1_4,1_4,1_4&#8243; _builder_version=&#8221;4.8.1&#8243; _module_preset=&#8221;default&#8221; width=&#8221;100%&#8221; max_width=&#8221;100%&#8221; border_radii=&#8221;on|1px|1px|1px|1px&#8221; border_width_all=&#8221;5px&#8221; border_style_all=&#8221;dashed&#8221;][et_pb_column type=&#8221;1_4&#8243; _builder_version=&#8221;4.8.1&#8243; _module_preset=&#8221;default&#8221;][et_pb_text _builder_version=&#8221;4.8.1&#8243; _module_preset=&#8221;default&#8221; text_font_size=&#8221;28px&#8221;]<\/p>\n<p style=\"text-align: center;\">Betonsz\u00e1ll\u00edt\u00e1s<\/p>\n<p>[\/et_pb_text][et_pb_image src=&#8221;https:\/\/erdibeton.hu\/wp-content\/uploads\/2021\/01\/Eszkoz-2.png&#8221; title_text=&#8221;Eszk\u00f6z 2&#8243; url=&#8221;@ET-DC@eyJkeW5hbWljIjp0cnVlLCJjb250ZW50IjoicG9zdF9saW5rX3VybF9wYWdlIiwic2V0dGluZ3MiOnsicG9zdF9pZCI6IjgifX0=@&#8221; align=&#8221;center&#8221; _builder_version=&#8221;4.8.1&#8243; _dynamic_attributes=&#8221;url&#8221; _module_preset=&#8221;default&#8221;][\/et_pb_image][et_pb_text _builder_version=&#8221;4.8.1&#8243; _module_preset=&#8221;default&#8221; text_font=&#8221;|||on|||||&#8221; text_font_size=&#8221;27px&#8221; text_line_height=&#8221;1.8em&#8221; text_orientation=&#8221;justified&#8221; custom_margin=&#8221;|10%||10%|false|false&#8221;]<\/p>\n<p style=\"text-align: center;\"><span>\u00c9RD \u00c9S K\u00d6RNY\u00c9KE: <\/span><\/p>\n<p style=\"text-align: center;\"><span>Cseh Attila\u00a0<\/span><\/p>\n<p style=\"text-align: center;\"><strong> 06209425790<\/strong><\/p>\n<p>&nbsp;<\/p>\n<p style=\"text-align: center;\"><span>Dunaharaszti \u00e9s k\u00f6rny\u00e9ke: <\/span><\/p>\n<p style=\"text-align: center;\"><span>Nagy Attila\u00a0<\/span><\/p>\n<p style=\"text-align: center;\"><strong> 06305792909\u00a0<\/strong><\/p>\n<p>[\/et_pb_text][et_pb_divider color=&#8221;#8c8c8c&#8221; divider_style=&#8221;dashed&#8221; divider_weight=&#8221;7px&#8221; disabled_on=&#8221;off|off|on&#8221; _builder_version=&#8221;4.8.1&#8243; _module_preset=&#8221;default&#8221;][\/et_pb_divider][\/et_pb_column][et_pb_column type=&#8221;1_4&#8243; _builder_version=&#8221;4.8.1&#8243; _module_preset=&#8221;default&#8221;][et_pb_text _builder_version=&#8221;4.8.1&#8243; _module_preset=&#8221;default&#8221; text_font_size=&#8221;28px&#8221;]<\/p>\n<p style=\"text-align: center;\">Billencsez\u00e9s, anyagmozgat\u00e1s<\/p>\n<p>[\/et_pb_text][et_pb_image src=&#8221;https:\/\/erdibeton.hu\/wp-content\/uploads\/2021\/02\/Eszkoz-1.png&#8221; title_text=&#8221;Eszk\u00f6z 1&#8243; url=&#8221;@ET-DC@eyJkeW5hbWljIjp0cnVlLCJjb250ZW50IjoicG9zdF9saW5rX3VybF9wYWdlIiwic2V0dGluZ3MiOnsicG9zdF9pZCI6IjMwMSJ9fQ==@&#8221; align=&#8221;center&#8221; _builder_version=&#8221;4.8.1&#8243; _dynamic_attributes=&#8221;url&#8221; _module_preset=&#8221;default&#8221; max_width=&#8221;43%&#8221;][\/et_pb_image][et_pb_text _builder_version=&#8221;4.8.1&#8243; _module_preset=&#8221;default&#8221; text_font=&#8221;|||on|||||&#8221; text_font_size=&#8221;27px&#8221; text_line_height=&#8221;1.8em&#8221; text_orientation=&#8221;justified&#8221; custom_margin=&#8221;|10%||10%|false|false&#8221;]<\/p>\n<p style=\"text-align: center;\"><span>\u00c9RD \u00c9S K\u00d6RNY\u00c9KE<\/span><\/p>\n<p style=\"text-align: center;\"><span>M\u00e9sz\u00e1ros Bal\u00e1zs<\/span><\/p>\n<p style=\"text-align: center;\"><strong>06205671086<\/strong><\/p>\n<p>[\/et_pb_text][et_pb_divider color=&#8221;#8c8c8c&#8221; divider_style=&#8221;dashed&#8221; divider_weight=&#8221;7px&#8221; disabled_on=&#8221;off|off|on&#8221; _builder_version=&#8221;4.8.1&#8243; _module_preset=&#8221;default&#8221;][\/et_pb_divider][\/et_pb_column][et_pb_column type=&#8221;1_4&#8243; _builder_version=&#8221;4.8.1&#8243; _module_preset=&#8221;default&#8221;][et_pb_text _builder_version=&#8221;4.8.1&#8243; _module_preset=&#8221;default&#8221; text_font_size=&#8221;28px&#8221;]<\/p>\n<p style=\"text-align: center;\">F\u00f6ldmunka \u00e9s \u00e9p\u00fcletbont\u00e1s<\/p>\n<p>[\/et_pb_text][et_pb_image src=&#8221;https:\/\/erdibeton.hu\/wp-content\/uploads\/2021\/01\/Eszkoz-3.png&#8221; title_text=&#8221;Eszk\u00f6z 3&#8243; url=&#8221;@ET-DC@eyJkeW5hbWljIjp0cnVlLCJjb250ZW50IjoicG9zdF9saW5rX3VybF9wYWdlIiwic2V0dGluZ3MiOnsicG9zdF9pZCI6IjEyIn19@&#8221; align=&#8221;center&#8221; _builder_version=&#8221;4.8.1&#8243; _dynamic_attributes=&#8221;url&#8221; _module_preset=&#8221;default&#8221;][\/et_pb_image][et_pb_text _builder_version=&#8221;4.8.1&#8243; _module_preset=&#8221;default&#8221; text_font=&#8221;|||on|||||&#8221; text_font_size=&#8221;27px&#8221; text_line_height=&#8221;1.8em&#8221; text_orientation=&#8221;justified&#8221; custom_margin=&#8221;|10%||10%|false|false&#8221;]<\/p>\n<p style=\"text-align: center;\"><span>\u00c9RD \u00c9S K\u00d6RNY\u00c9KE: <\/span><\/p>\n<p style=\"text-align: center;\"><span>IFJ. Cseh Attila\u00a0<\/span><\/p>\n<p style=\"text-align: center;\"><span style=\"font-size: 27px;\"><strong><span style=\"text-align: justify;\">06204683976<\/span><\/strong><\/span><\/p>\n<p>[\/et_pb_text][et_pb_divider color=&#8221;#8c8c8c&#8221; divider_style=&#8221;dashed&#8221; divider_weight=&#8221;7px&#8221; disabled_on=&#8221;off|off|on&#8221; _builder_version=&#8221;4.8.1&#8243; _module_preset=&#8221;default&#8221;][\/et_pb_divider][\/et_pb_column][et_pb_column type=&#8221;1_4&#8243; _builder_version=&#8221;4.8.1&#8243; _module_preset=&#8221;default&#8221;][et_pb_text _builder_version=&#8221;4.8.1&#8243; _module_preset=&#8221;default&#8221; text_font_size=&#8221;28px&#8221;]<\/p>\n<p style=\"text-align: center;\">\u00dat\u00e9p\u00edt\u00e9s<\/p>\n<p>[\/et_pb_text][et_pb_image src=&#8221;https:\/\/erdibeton.hu\/wp-content\/uploads\/2021\/01\/Eszkoz-4.png&#8221; title_text=&#8221;Eszk\u00f6z 4&#8243; url=&#8221;@ET-DC@eyJkeW5hbWljIjp0cnVlLCJjb250ZW50IjoicG9zdF9saW5rX3VybF9wYWdlIiwic2V0dGluZ3MiOnsicG9zdF9pZCI6IjE0In19@&#8221; align=&#8221;center&#8221; _builder_version=&#8221;4.8.1&#8243; _dynamic_attributes=&#8221;url&#8221; _module_preset=&#8221;default&#8221; custom_margin=&#8221;-19px|||||&#8221;][\/et_pb_image][et_pb_text _builder_version=&#8221;4.8.1&#8243; _module_preset=&#8221;default&#8221; text_font=&#8221;|||on|||||&#8221; text_font_size=&#8221;27px&#8221; text_line_height=&#8221;1.8em&#8221; text_orientation=&#8221;justified&#8221; custom_margin=&#8221;|10%||10%|false|false&#8221;]<\/p>\n<p style=\"text-align: center;\"><span>\u00c9RD \u00c9S K\u00d6RNY\u00c9KE<\/span><\/p>\n<p style=\"text-align: center;\"><span>M\u00e9sz\u00e1ros Bal\u00e1zs<\/span><\/p>\n<p style=\"text-align: center;\"><strong>06205671086<\/strong><\/p>\n<p>[\/et_pb_text][et_pb_divider color=&#8221;#8c8c8c&#8221; divider_style=&#8221;dashed&#8221; divider_weight=&#8221;7px&#8221; disabled_on=&#8221;off|off|on&#8221; _builder_version=&#8221;4.8.1&#8243; _module_preset=&#8221;default&#8221;][\/et_pb_divider][\/et_pb_column][\/et_pb_row][et_pb_row _builder_version=&#8221;4.8.1&#8243; _module_preset=&#8221;default&#8221; use_background_color_gradient=&#8221;on&#8221; background_color_gradient_start=&#8221;#0a0a0a&#8221; background_color_gradient_end=&#8221;#333333&#8243; background_color_gradient_start_position=&#8221;39%&#8221; width=&#8221;100%&#8221; max_width=&#8221;100%&#8221; custom_margin=&#8221;-26px|auto||auto||&#8221;][et_pb_column type=&#8221;4_4&#8243; _builder_version=&#8221;4.8.1&#8243; _module_preset=&#8221;default&#8221;][et_pb_text _builder_version=&#8221;4.8.1&#8243; _module_preset=&#8221;default&#8221; text_font=&#8221;|||on|||||&#8221; text_text_color=&#8221;#FFFFFF&#8221; text_font_size=&#8221;32px&#8221; text_line_height=&#8221;1.8em&#8221;]<\/p>\n<p style=\"text-align: center;\">HELYSZ\u00cdNI FELM\u00c9R\u00c9S\u00c9RT \u00c9S \u00c1RAJ\u00c1NLAT\u00c9RT KERESSEN MINKET!<\/p>\n<p>[\/et_pb_text][et_pb_button button_url=&#8221;@ET-DC@eyJkeW5hbWljIjp0cnVlLCJjb250ZW50IjoicG9zdF9saW5rX3VybF9wYWdlIiwic2V0dGluZ3MiOnsicG9zdF9pZCI6IjE2In19@&#8221; button_text=&#8221;\u00cdrjon nek\u00fcnk!&#8221; button_alignment=&#8221;center&#8221; _builder_version=&#8221;4.8.1&#8243; _dynamic_attributes=&#8221;button_url&#8221; _module_preset=&#8221;default&#8221; custom_button=&#8221;on&#8221; button_text_size=&#8221;26px&#8221; button_text_color=&#8221;#FFFFFF&#8221; button_border_radius=&#8221;20px&#8221;][\/et_pb_button][\/et_pb_column][\/et_pb_row][et_pb_row _builder_version=&#8221;4.8.1&#8243; _module_preset=&#8221;default&#8221; background_image=&#8221;https:\/\/erdibeton.hu\/wp-content\/uploads\/2021\/01\/4-1.jpg&#8221; parallax=&#8221;on&#8221; width=&#8221;100%&#8221; max_width=&#8221;100%&#8221; min_height=&#8221;383px&#8221; custom_margin=&#8221;|auto|-2px|auto|false|false&#8221; custom_padding=&#8221;||184px|||&#8221;][et_pb_column type=&#8221;4_4&#8243; _builder_version=&#8221;4.8.1&#8243; _module_preset=&#8221;default&#8221;][\/et_pb_column][\/et_pb_row][\/et_pb_section]<\/p>\n","protected":false},"excerpt":{"rendered":"<p>Billencsez\u00e9sA f\u00f6ldmunk\u00e1b\u00f3l keletkezett f\u00f6ldet elsz\u00e1ll\u00edtan\u00e1? \u00c9p\u00edtkez\u00e9sb\u0151l sz\u00e1rmaz\u00f3 sittet szeretne mozgatni? Ezt meg tudjuk oldani! Munk\u00e1j\u00e1hoz s\u00f3der, homok, sz\u00fcks\u00e9ges? Ez sem jelent probl\u00e9m\u00e1t sz\u00e1munkra! Keressen minket \u00e9s mondja el, mire van sz\u00fcks\u00e9ge! G\u00e9peinkkel gyorsan, nagy mennyis\u00e9g\u0171 anyagot el tudunk sz\u00e1ll\u00edtani az \u00e9p\u00edtkez\u00e9sr\u0151l, vagy ellenkez\u0151 esetben az \u00e9p\u00edtkez\u00e9sre! Nem tudja, honnan lehet beszerezni az \u00e9p\u00edtkez\u00e9shez, tereprendez\u00e9shez megfelel\u0151 [&hellip;]<\/p>\n","protected":false},"author":1,"featured_media":0,"parent":0,"menu_order":0,"comment_status":"closed","ping_status":"closed","template":"","meta":{"_et_pb_use_builder":"on","_et_pb_old_content":"","_et_gb_content_width":"","footnotes":""},"class_list":["post-301","page","type-page","status-publish","hentry"],"aioseo_notices":[],"_links":{"self":[{"href":"https:\/\/erdibeton.hu\/index.php?rest_route=\/wp\/v2\/pages\/301","targetHints":{"allow":["GET"]}}],"collection":[{"href":"https:\/\/erdibeton.hu\/index.php?rest_route=\/wp\/v2\/pages"}],"about":[{"href":"https:\/\/erdibeton.hu\/index.php?rest_route=\/wp\/v2\/types\/page"}],"author":[{"embeddable":true,"href":"https:\/\/erdibeton.hu\/index.php?rest_route=\/wp\/v2\/users\/1"}],"replies":[{"embeddable":true,"href":"https:\/\/erdibeton.hu\/index.php?rest_route=%2Fwp%2Fv2%2Fcomments&post=301"}],"version-history":[{"count":7,"href":"https:\/\/erdibeton.hu\/index.php?rest_route=\/wp\/v2\/pages\/301\/revisions"}],"predecessor-version":[{"id":340,"href":"https:\/\/erdibeton.hu\/index.php?rest_route=\/wp\/v2\/pages\/301\/revisions\/340"}],"wp:attachment":[{"href":"https:\/\/erdibeton.hu\/index.php?rest_route=%2Fwp%2Fv2%2Fmedia&parent=301"}],"curies":[{"name":"wp","href":"https:\/\/api.w.org\/{rel}","templated":true}]}}