{"id":18,"date":"2021-01-24T17:59:58","date_gmt":"2021-01-24T17:59:58","guid":{"rendered":"https:\/\/erdibeton.hu\/?page_id=18"},"modified":"2021-02-26T09:53:48","modified_gmt":"2021-02-26T09:53:48","slug":"galeria","status":"publish","type":"page","link":"https:\/\/erdibeton.hu\/?page_id=18","title":{"rendered":"Gal\u00e9ria"},"content":{"rendered":"<p>[et_pb_section fb_built=&#8221;1&#8243; _builder_version=&#8221;4.8.1&#8243; _module_preset=&#8221;default&#8221;][et_pb_row _builder_version=&#8221;4.8.1&#8243; _module_preset=&#8221;default&#8221;][et_pb_column type=&#8221;4_4&#8243; _builder_version=&#8221;4.8.1&#8243; _module_preset=&#8221;default&#8221;][et_pb_text _builder_version=&#8221;4.8.1&#8243; _module_preset=&#8221;default&#8221; text_font=&#8221;|||on|||||&#8221; text_font_size=&#8221;25px&#8221;]<\/p>\n<p style=\"text-align: center;\">Betonsz\u00e1ll\u00edt\u00e1s<\/p>\n<p>[\/et_pb_text][\/et_pb_column][\/et_pb_row][et_pb_row _builder_version=&#8221;4.8.1&#8243; _module_preset=&#8221;default&#8221;][et_pb_column type=&#8221;4_4&#8243; _builder_version=&#8221;4.8.1&#8243; _module_preset=&#8221;default&#8221;][et_pb_gallery gallery_ids=&#8221;195,196,197,198,199,200,201,202,203,204,205,206,207,208,209,210,211,212,213&#8243; posts_number=&#8221;30&#8243; show_title_and_caption=&#8221;off&#8221; _builder_version=&#8221;4.8.1&#8243; _module_preset=&#8221;default&#8221; border_radii_image=&#8221;on|30px|30px|30px|30px&#8221; box_shadow_style_image=&#8221;preset1&#8243;][\/et_pb_gallery][\/et_pb_column][\/et_pb_row][et_pb_row _builder_version=&#8221;4.8.1&#8243; _module_preset=&#8221;default&#8221;][et_pb_column type=&#8221;4_4&#8243; _builder_version=&#8221;4.8.1&#8243; _module_preset=&#8221;default&#8221;][et_pb_text _builder_version=&#8221;4.8.1&#8243; _module_preset=&#8221;default&#8221; text_font=&#8221;|||on|||||&#8221; text_font_size=&#8221;25px&#8221; hover_enabled=&#8221;0&#8243; sticky_enabled=&#8221;0&#8243;]<\/p>\n<p style=\"text-align: center;\">F\u00f6ldmunka<\/p>\n<p>[\/et_pb_text][\/et_pb_column][\/et_pb_row][et_pb_row _builder_version=&#8221;4.8.1&#8243; _module_preset=&#8221;default&#8221;][et_pb_column type=&#8221;4_4&#8243; _builder_version=&#8221;4.8.1&#8243; _module_preset=&#8221;default&#8221;][et_pb_gallery gallery_ids=&#8221;344,345,346,347,348,350,352,353,354,355,356,357,358,359,360,361,362&#8243; posts_number=&#8221;30&#8243; show_title_and_caption=&#8221;off&#8221; _builder_version=&#8221;4.8.1&#8243; _module_preset=&#8221;default&#8221; hover_enabled=&#8221;0&#8243; border_radii_image=&#8221;on|30px|30px|30px|30px&#8221; box_shadow_style_image=&#8221;preset1&#8243; sticky_enabled=&#8221;0&#8243;][\/et_pb_gallery][\/et_pb_column][\/et_pb_row][\/et_pb_section]<\/p>\n","protected":false},"excerpt":{"rendered":"<p>Betonsz\u00e1ll\u00edt\u00e1sF\u00f6ldmunka<\/p>\n","protected":false},"author":1,"featured_media":0,"parent":0,"menu_order":0,"comment_status":"closed","ping_status":"closed","template":"","meta":{"_et_pb_use_builder":"on","_et_pb_old_content":"","_et_gb_content_width":"","footnotes":""},"class_list":["post-18","page","type-page","status-publish","hentry"],"aioseo_notices":[],"_links":{"self":[{"href":"https:\/\/erdibeton.hu\/index.php?rest_route=\/wp\/v2\/pages\/18","targetHints":{"allow":["GET"]}}],"collection":[{"href":"https:\/\/erdibeton.hu\/index.php?rest_route=\/wp\/v2\/pages"}],"about":[{"href":"https:\/\/erdibeton.hu\/index.php?rest_route=\/wp\/v2\/types\/page"}],"author":[{"embeddable":true,"href":"https:\/\/erdibeton.hu\/index.php?rest_route=\/wp\/v2\/users\/1"}],"replies":[{"embeddable":true,"href":"https:\/\/erdibeton.hu\/index.php?rest_route=%2Fwp%2Fv2%2Fcomments&post=18"}],"version-history":[{"count":7,"href":"https:\/\/erdibeton.hu\/index.php?rest_route=\/wp\/v2\/pages\/18\/revisions"}],"predecessor-version":[{"id":363,"href":"https:\/\/erdibeton.hu\/index.php?rest_route=\/wp\/v2\/pages\/18\/revisions\/363"}],"wp:attachment":[{"href":"https:\/\/erdibeton.hu\/index.php?rest_route=%2Fwp%2Fv2%2Fmedia&parent=18"}],"curies":[{"name":"wp","href":"https:\/\/api.w.org\/{rel}","templated":true}]}}