{"id":14,"date":"2021-01-24T17:59:18","date_gmt":"2021-01-24T17:59:18","guid":{"rendered":"https:\/\/erdibeton.hu\/?page_id=14"},"modified":"2021-02-26T09:43:03","modified_gmt":"2021-02-26T09:43:03","slug":"utepites","status":"publish","type":"page","link":"https:\/\/erdibeton.hu\/?page_id=14","title":{"rendered":"\u00dat\u00e9p\u00edt\u00e9s"},"content":{"rendered":"<p>[et_pb_section fb_built=&#8221;1&#8243; _builder_version=&#8221;4.8.1&#8243; _module_preset=&#8221;default&#8221;][et_pb_row _builder_version=&#8221;4.8.1&#8243; _module_preset=&#8221;default&#8221; background_image=&#8221;https:\/\/erdibeton.hu\/wp-content\/uploads\/2021\/01\/4-1.jpg&#8221; parallax=&#8221;on&#8221; width=&#8221;100%&#8221; max_width=&#8221;100%&#8221; custom_margin=&#8221;|auto||auto|false|false&#8221; custom_padding=&#8221;||274px||false|false&#8221;][et_pb_column type=&#8221;4_4&#8243; _builder_version=&#8221;4.8.1&#8243; _module_preset=&#8221;default&#8221;][\/et_pb_column][\/et_pb_row][et_pb_row _builder_version=&#8221;4.8.1&#8243; _module_preset=&#8221;default&#8221; use_background_color_gradient=&#8221;on&#8221; background_color_gradient_start=&#8221;#0a0a0a&#8221; background_color_gradient_end=&#8221;#333333&#8243; background_color_gradient_start_position=&#8221;39%&#8221; width=&#8221;100%&#8221; max_width=&#8221;100%&#8221; custom_margin=&#8221;-26px|auto||auto||&#8221;][et_pb_column type=&#8221;4_4&#8243; _builder_version=&#8221;4.8.1&#8243; _module_preset=&#8221;default&#8221;][et_pb_text _builder_version=&#8221;4.8.1&#8243; _module_preset=&#8221;default&#8221; text_font=&#8221;|||on|||||&#8221; text_text_color=&#8221;#FFFFFF&#8221; text_font_size=&#8221;35px&#8221;]<\/p>\n<p style=\"text-align: center;\">\u00daT\u00c9P\u00cdT\u00c9S<\/p>\n<p>[\/et_pb_text][\/et_pb_column][\/et_pb_row][et_pb_row _builder_version=&#8221;4.8.1&#8243; _module_preset=&#8221;default&#8221; width=&#8221;100%&#8221; max_width=&#8221;100%&#8221; border_radii=&#8221;on|1px|1px|1px|1px&#8221; border_width_all=&#8221;5px&#8221; border_style_all=&#8221;dashed&#8221;][et_pb_column type=&#8221;4_4&#8243; _builder_version=&#8221;4.8.1&#8243; _module_preset=&#8221;default&#8221;][et_pb_image src=&#8221;https:\/\/erdibeton.hu\/wp-content\/uploads\/2021\/01\/Eszkoz-4.png&#8221; title_text=&#8221;Eszk\u00f6z 4&#8243; align=&#8221;center&#8221; _builder_version=&#8221;4.8.1&#8243; _module_preset=&#8221;default&#8221;][\/et_pb_image][et_pb_text _builder_version=&#8221;4.8.1&#8243; _module_preset=&#8221;default&#8221; text_font_size=&#8221;25px&#8221; text_line_height=&#8221;1.8em&#8221; text_orientation=&#8221;justified&#8221; custom_margin=&#8221;|10%||10%|false|false&#8221; text_font_size_tablet=&#8221;&#8221; text_font_size_phone=&#8221;18px&#8221; text_font_size_last_edited=&#8221;on|phone&#8221;]<\/p>\n<p style=\"text-align: justify;\"><span>Nem tudja, hogyan kezdjen neki egy aut\u00f3be\u00e1ll\u00f3 \u00e9p\u00edt\u00e9s\u00e9hez? Szeretne egy teraszt, esetleg egy gy\u00f6ny\u00f6r\u0171 udvart? Gazdas\u00e1gi ter\u00fclet\u00e9n szeretne egy utat? Akkor megtal\u00e1lta amit keresett! V\u00e1llaljuk utak \u00e9p\u00edt\u00e9s\u00e9t, j\u00e1rd\u00e1k kivitelez\u00e9s\u00e9t \u00e9s emellett t\u00e9rk\u00f6vez\u00e9st is. \u00c9p\u00edtkez\u00e9s\u00e9hez sz\u00fcks\u00e9ges sitt, homok, f\u00f6ld sz\u00e1ll\u00edt\u00e1s is megoldhat\u00f3! A szolg\u00e1ltat\u00e1sainknak k\u00f6sz\u00f6nhet\u0151en komplex munk\u00e1t v\u00e9gz\u00fcnk! A f\u00f6ldmunk\u00e1t\u00f3l az \u00fat elk\u00e9sz\u00edt\u00e9s\u00e9ig! Ezt a feladatot ne b\u00edzza tapasztalatlan kezekre! B\u00edzzon szak\u00e9rtelm\u00fcnkben \u00e9s id\u0151t\u00e1ll\u00f3 v\u00e9geredm\u00e9nyt kap!<\/span><\/p>\n<p>[\/et_pb_text][\/et_pb_column][\/et_pb_row][et_pb_row _builder_version=&#8221;4.8.1&#8243; _module_preset=&#8221;default&#8221; background_image=&#8221;https:\/\/erdibeton.hu\/wp-content\/uploads\/2021\/02\/4_1.jpg&#8221; parallax=&#8221;on&#8221; width=&#8221;100%&#8221; max_width=&#8221;100%&#8221; min_height=&#8221;383px&#8221; custom_margin=&#8221;|auto|-1px|auto|false|false&#8221; custom_padding=&#8221;||||false|false&#8221;][et_pb_column type=&#8221;4_4&#8243; _builder_version=&#8221;4.8.1&#8243; _module_preset=&#8221;default&#8221;][\/et_pb_column][\/et_pb_row][et_pb_row _builder_version=&#8221;4.8.1&#8243; _module_preset=&#8221;default&#8221; use_background_color_gradient=&#8221;on&#8221; background_color_gradient_start=&#8221;#0a0a0a&#8221; background_color_gradient_end=&#8221;#333333&#8243; background_color_gradient_start_position=&#8221;39%&#8221; width=&#8221;100%&#8221; max_width=&#8221;100%&#8221; custom_margin=&#8221;-26px|auto||auto||&#8221;][et_pb_column type=&#8221;4_4&#8243; _builder_version=&#8221;4.8.1&#8243; _module_preset=&#8221;default&#8221;][et_pb_text _builder_version=&#8221;4.8.1&#8243; _module_preset=&#8221;default&#8221; text_font=&#8221;|||on|||||&#8221; text_text_color=&#8221;#FFFFFF&#8221; text_font_size=&#8221;35px&#8221;]<\/p>\n<p style=\"text-align: center;\">EL\u00c9RHET\u0150S\u00c9G\u00dcNK<\/p>\n<p>[\/et_pb_text][\/et_pb_column][\/et_pb_row][et_pb_row column_structure=&#8221;1_4,1_4,1_4,1_4&#8243; _builder_version=&#8221;4.8.1&#8243; _module_preset=&#8221;default&#8221; width=&#8221;100%&#8221; max_width=&#8221;100%&#8221; border_radii=&#8221;on|1px|1px|1px|1px&#8221; border_width_all=&#8221;5px&#8221; border_style_all=&#8221;dashed&#8221;][et_pb_column type=&#8221;1_4&#8243; _builder_version=&#8221;4.8.1&#8243; _module_preset=&#8221;default&#8221;][et_pb_text _builder_version=&#8221;4.8.1&#8243; _module_preset=&#8221;default&#8221; text_font_size=&#8221;28px&#8221;]<\/p>\n<p style=\"text-align: center;\">Betonsz\u00e1ll\u00edt\u00e1s<\/p>\n<p>[\/et_pb_text][et_pb_image src=&#8221;https:\/\/erdibeton.hu\/wp-content\/uploads\/2021\/01\/Eszkoz-2.png&#8221; title_text=&#8221;Eszk\u00f6z 2&#8243; url=&#8221;@ET-DC@eyJkeW5hbWljIjp0cnVlLCJjb250ZW50IjoicG9zdF9saW5rX3VybF9wYWdlIiwic2V0dGluZ3MiOnsicG9zdF9pZCI6IjgifX0=@&#8221; align=&#8221;center&#8221; _builder_version=&#8221;4.8.1&#8243; _dynamic_attributes=&#8221;url&#8221; _module_preset=&#8221;default&#8221;][\/et_pb_image][et_pb_text _builder_version=&#8221;4.8.1&#8243; _module_preset=&#8221;default&#8221; text_font=&#8221;|||on|||||&#8221; text_font_size=&#8221;27px&#8221; text_line_height=&#8221;1.8em&#8221; text_orientation=&#8221;justified&#8221; custom_margin=&#8221;|10%||10%|false|false&#8221;]<\/p>\n<p style=\"text-align: center;\"><span>\u00c9RD \u00c9S K\u00d6RNY\u00c9KE: <\/span><\/p>\n<p style=\"text-align: center;\"><span>Cseh Attila\u00a0<\/span><\/p>\n<p style=\"text-align: center;\"><strong> 06209425790<\/strong><\/p>\n<p>&nbsp;<\/p>\n<p style=\"text-align: center;\"><span>Dunaharaszti \u00e9s k\u00f6rny\u00e9ke: <\/span><\/p>\n<p style=\"text-align: center;\"><span>Nagy Attila\u00a0<\/span><\/p>\n<p style=\"text-align: center;\"><strong> 06305792909\u00a0<\/strong><\/p>\n<p>[\/et_pb_text][et_pb_divider color=&#8221;#8c8c8c&#8221; divider_style=&#8221;dashed&#8221; divider_weight=&#8221;7px&#8221; disabled_on=&#8221;off|off|on&#8221; _builder_version=&#8221;4.8.1&#8243; _module_preset=&#8221;default&#8221;][\/et_pb_divider][\/et_pb_column][et_pb_column type=&#8221;1_4&#8243; _builder_version=&#8221;4.8.1&#8243; _module_preset=&#8221;default&#8221;][et_pb_text _builder_version=&#8221;4.8.1&#8243; _module_preset=&#8221;default&#8221; text_font_size=&#8221;28px&#8221;]<\/p>\n<p style=\"text-align: center;\">Billencsez\u00e9s, anyagmozgat\u00e1s<\/p>\n<p>[\/et_pb_text][et_pb_image src=&#8221;https:\/\/erdibeton.hu\/wp-content\/uploads\/2021\/02\/Eszkoz-1.png&#8221; title_text=&#8221;Eszk\u00f6z 1&#8243; url=&#8221;@ET-DC@eyJkeW5hbWljIjp0cnVlLCJjb250ZW50IjoicG9zdF9saW5rX3VybF9wYWdlIiwic2V0dGluZ3MiOnsicG9zdF9pZCI6IjMwMSJ9fQ==@&#8221; align=&#8221;center&#8221; _builder_version=&#8221;4.8.1&#8243; _dynamic_attributes=&#8221;url&#8221; _module_preset=&#8221;default&#8221; max_width=&#8221;43%&#8221;][\/et_pb_image][et_pb_text _builder_version=&#8221;4.8.1&#8243; _module_preset=&#8221;default&#8221; text_font=&#8221;|||on|||||&#8221; text_font_size=&#8221;27px&#8221; text_line_height=&#8221;1.8em&#8221; text_orientation=&#8221;justified&#8221; custom_margin=&#8221;|10%||10%|false|false&#8221;]<\/p>\n<p style=\"text-align: center;\"><span>\u00c9RD \u00c9S K\u00d6RNY\u00c9KE<\/span><\/p>\n<p style=\"text-align: center;\"><span>M\u00e9sz\u00e1ros Bal\u00e1zs<\/span><\/p>\n<p style=\"text-align: center;\"><strong>06205671086<\/strong><\/p>\n<p>[\/et_pb_text][et_pb_divider color=&#8221;#8c8c8c&#8221; divider_style=&#8221;dashed&#8221; divider_weight=&#8221;7px&#8221; disabled_on=&#8221;off|off|on&#8221; _builder_version=&#8221;4.8.1&#8243; _module_preset=&#8221;default&#8221;][\/et_pb_divider][\/et_pb_column][et_pb_column type=&#8221;1_4&#8243; _builder_version=&#8221;4.8.1&#8243; _module_preset=&#8221;default&#8221;][et_pb_text _builder_version=&#8221;4.8.1&#8243; _module_preset=&#8221;default&#8221; text_font_size=&#8221;28px&#8221;]<\/p>\n<p style=\"text-align: center;\">F\u00f6ldmunka \u00e9s \u00e9p\u00fcletbont\u00e1s<\/p>\n<p>[\/et_pb_text][et_pb_image src=&#8221;https:\/\/erdibeton.hu\/wp-content\/uploads\/2021\/01\/Eszkoz-3.png&#8221; title_text=&#8221;Eszk\u00f6z 3&#8243; url=&#8221;@ET-DC@eyJkeW5hbWljIjp0cnVlLCJjb250ZW50IjoicG9zdF9saW5rX3VybF9wYWdlIiwic2V0dGluZ3MiOnsicG9zdF9pZCI6IjEyIn19@&#8221; align=&#8221;center&#8221; _builder_version=&#8221;4.8.1&#8243; _dynamic_attributes=&#8221;url&#8221; _module_preset=&#8221;default&#8221;][\/et_pb_image][et_pb_text _builder_version=&#8221;4.8.1&#8243; _module_preset=&#8221;default&#8221; text_font=&#8221;|||on|||||&#8221; text_font_size=&#8221;27px&#8221; text_line_height=&#8221;1.8em&#8221; text_orientation=&#8221;justified&#8221; custom_margin=&#8221;|10%||10%|false|false&#8221;]<\/p>\n<p style=\"text-align: center;\"><span>\u00c9RD \u00c9S K\u00d6RNY\u00c9KE: <\/span><\/p>\n<p style=\"text-align: center;\"><span>IFJ. Cseh Attila\u00a0<\/span><\/p>\n<p style=\"text-align: center;\"><span style=\"font-size: 27px;\"><strong><span style=\"text-align: justify;\">06204683976<\/span><\/strong><\/span><\/p>\n<p>[\/et_pb_text][et_pb_divider color=&#8221;#8c8c8c&#8221; divider_style=&#8221;dashed&#8221; divider_weight=&#8221;7px&#8221; disabled_on=&#8221;off|off|on&#8221; _builder_version=&#8221;4.8.1&#8243; _module_preset=&#8221;default&#8221;][\/et_pb_divider][\/et_pb_column][et_pb_column type=&#8221;1_4&#8243; _builder_version=&#8221;4.8.1&#8243; _module_preset=&#8221;default&#8221;][et_pb_text _builder_version=&#8221;4.8.1&#8243; _module_preset=&#8221;default&#8221; text_font_size=&#8221;28px&#8221;]<\/p>\n<p style=\"text-align: center;\">\u00dat\u00e9p\u00edt\u00e9s<\/p>\n<p>[\/et_pb_text][et_pb_image src=&#8221;https:\/\/erdibeton.hu\/wp-content\/uploads\/2021\/01\/Eszkoz-4.png&#8221; title_text=&#8221;Eszk\u00f6z 4&#8243; url=&#8221;@ET-DC@eyJkeW5hbWljIjp0cnVlLCJjb250ZW50IjoicG9zdF9saW5rX3VybF9wYWdlIiwic2V0dGluZ3MiOnsicG9zdF9pZCI6IjE0In19@&#8221; align=&#8221;center&#8221; _builder_version=&#8221;4.8.1&#8243; _dynamic_attributes=&#8221;url&#8221; _module_preset=&#8221;default&#8221; custom_margin=&#8221;-19px|||||&#8221;][\/et_pb_image][et_pb_text _builder_version=&#8221;4.8.1&#8243; _module_preset=&#8221;default&#8221; text_font=&#8221;|||on|||||&#8221; text_font_size=&#8221;27px&#8221; text_line_height=&#8221;1.8em&#8221; text_orientation=&#8221;justified&#8221; custom_margin=&#8221;|10%||10%|false|false&#8221;]<\/p>\n<p style=\"text-align: center;\"><span>\u00c9RD \u00c9S K\u00d6RNY\u00c9KE<\/span><\/p>\n<p style=\"text-align: center;\"><span>M\u00e9sz\u00e1ros Bal\u00e1zs<\/span><\/p>\n<p style=\"text-align: center;\"><strong>06205671086<\/strong><\/p>\n<p>[\/et_pb_text][et_pb_divider color=&#8221;#8c8c8c&#8221; divider_style=&#8221;dashed&#8221; divider_weight=&#8221;7px&#8221; disabled_on=&#8221;off|off|on&#8221; _builder_version=&#8221;4.8.1&#8243; _module_preset=&#8221;default&#8221;][\/et_pb_divider][\/et_pb_column][\/et_pb_row][et_pb_row _builder_version=&#8221;4.8.1&#8243; _module_preset=&#8221;default&#8221; use_background_color_gradient=&#8221;on&#8221; background_color_gradient_start=&#8221;#0a0a0a&#8221; background_color_gradient_end=&#8221;#333333&#8243; background_color_gradient_start_position=&#8221;39%&#8221; width=&#8221;100%&#8221; max_width=&#8221;100%&#8221; custom_margin=&#8221;-26px|auto||auto||&#8221; locked=&#8221;off&#8221;][et_pb_column type=&#8221;4_4&#8243; _builder_version=&#8221;4.8.1&#8243; _module_preset=&#8221;default&#8221;][et_pb_text _builder_version=&#8221;4.8.1&#8243; _module_preset=&#8221;default&#8221; text_font=&#8221;|||on|||||&#8221; text_text_color=&#8221;#FFFFFF&#8221; text_font_size=&#8221;32px&#8221; text_line_height=&#8221;1.8em&#8221;]<\/p>\n<p style=\"text-align: center;\">HELYSZ\u00cdNI FELM\u00c9R\u00c9S\u00c9RT \u00c9S \u00c1RAJ\u00c1NLAT\u00c9RT KERESSEN MINKET!<\/p>\n<p>[\/et_pb_text][et_pb_button button_url=&#8221;@ET-DC@eyJkeW5hbWljIjp0cnVlLCJjb250ZW50IjoicG9zdF9saW5rX3VybF9wYWdlIiwic2V0dGluZ3MiOnsicG9zdF9pZCI6IjE2In19@&#8221; button_text=&#8221;\u00cdrjon nek\u00fcnk!&#8221; button_alignment=&#8221;center&#8221; _builder_version=&#8221;4.8.1&#8243; _dynamic_attributes=&#8221;button_url&#8221; _module_preset=&#8221;default&#8221; custom_button=&#8221;on&#8221; button_text_size=&#8221;26px&#8221; button_text_color=&#8221;#FFFFFF&#8221; button_border_radius=&#8221;20px&#8221;][\/et_pb_button][\/et_pb_column][\/et_pb_row][et_pb_row _builder_version=&#8221;4.8.1&#8243; _module_preset=&#8221;default&#8221; background_image=&#8221;https:\/\/erdibeton.hu\/wp-content\/uploads\/2021\/01\/4-1.jpg&#8221; parallax=&#8221;on&#8221; width=&#8221;100%&#8221; max_width=&#8221;100%&#8221; min_height=&#8221;383px&#8221; custom_margin=&#8221;|auto|-2px|auto|false|false&#8221; custom_padding=&#8221;||184px|||&#8221;][et_pb_column type=&#8221;4_4&#8243; _builder_version=&#8221;4.8.1&#8243; _module_preset=&#8221;default&#8221;][\/et_pb_column][\/et_pb_row][\/et_pb_section]<\/p>\n","protected":false},"excerpt":{"rendered":"<p>\u00daT\u00c9P\u00cdT\u00c9SNem tudja, hogyan kezdjen neki egy aut\u00f3be\u00e1ll\u00f3 \u00e9p\u00edt\u00e9s\u00e9hez? Szeretne egy teraszt, esetleg egy gy\u00f6ny\u00f6r\u0171 udvart? Gazdas\u00e1gi ter\u00fclet\u00e9n szeretne egy utat? Akkor megtal\u00e1lta amit keresett! V\u00e1llaljuk utak \u00e9p\u00edt\u00e9s\u00e9t, j\u00e1rd\u00e1k kivitelez\u00e9s\u00e9t \u00e9s emellett t\u00e9rk\u00f6vez\u00e9st is. \u00c9p\u00edtkez\u00e9s\u00e9hez sz\u00fcks\u00e9ges sitt, homok, f\u00f6ld sz\u00e1ll\u00edt\u00e1s is megoldhat\u00f3! A szolg\u00e1ltat\u00e1sainknak k\u00f6sz\u00f6nhet\u0151en komplex munk\u00e1t v\u00e9gz\u00fcnk! A f\u00f6ldmunk\u00e1t\u00f3l az \u00fat elk\u00e9sz\u00edt\u00e9s\u00e9ig! Ezt a feladatot [&hellip;]<\/p>\n","protected":false},"author":1,"featured_media":0,"parent":0,"menu_order":0,"comment_status":"closed","ping_status":"closed","template":"","meta":{"_et_pb_use_builder":"on","_et_pb_old_content":"<!-- wp:divi\/placeholder \/-->","_et_gb_content_width":"","footnotes":""},"class_list":["post-14","page","type-page","status-publish","hentry"],"aioseo_notices":[],"_links":{"self":[{"href":"https:\/\/erdibeton.hu\/index.php?rest_route=\/wp\/v2\/pages\/14","targetHints":{"allow":["GET"]}}],"collection":[{"href":"https:\/\/erdibeton.hu\/index.php?rest_route=\/wp\/v2\/pages"}],"about":[{"href":"https:\/\/erdibeton.hu\/index.php?rest_route=\/wp\/v2\/types\/page"}],"author":[{"embeddable":true,"href":"https:\/\/erdibeton.hu\/index.php?rest_route=\/wp\/v2\/users\/1"}],"replies":[{"embeddable":true,"href":"https:\/\/erdibeton.hu\/index.php?rest_route=%2Fwp%2Fv2%2Fcomments&post=14"}],"version-history":[{"count":7,"href":"https:\/\/erdibeton.hu\/index.php?rest_route=\/wp\/v2\/pages\/14\/revisions"}],"predecessor-version":[{"id":342,"href":"https:\/\/erdibeton.hu\/index.php?rest_route=\/wp\/v2\/pages\/14\/revisions\/342"}],"wp:attachment":[{"href":"https:\/\/erdibeton.hu\/index.php?rest_route=%2Fwp%2Fv2%2Fmedia&parent=14"}],"curies":[{"name":"wp","href":"https:\/\/api.w.org\/{rel}","templated":true}]}}